{"id":1579,"date":"2019-02-19T16:20:18","date_gmt":"2019-02-19T19:20:18","guid":{"rendered":"https:\/\/aderj.com.br\/v1.0-teste2\/?post_type=publicacoes&#038;p=1579"},"modified":"2024-08-01T20:34:36","modified_gmt":"2024-08-01T23:34:36","slug":"ranking-abad-nielsen-2019","status":"publish","type":"page","link":"https:\/\/aderj.com.br\/v1.0-teste2\/ranking-abad-nielsen-2019\/","title":{"rendered":"Ranking ABAD Nielsen 2019."},"content":{"rendered":"<p>O prazo est\u00e1 acabando. N\u00e3o fique de fora do processo de levantamento de dados do RANKING ABAD NIELSEN 2019 ANO BASE 2018, um dos principais servi\u00e7os oferecidos ao mercado pela ABAD, em parceria com a Nielsen e apoio da FIA.<\/p>\n<p>Lembramos que o prazo final de entrega \u00e9 <strong><span style=\"font-size: 20px;\">28 de fevereiro<\/span><\/strong>, impreterivelmente.<\/p>\n<p style=\"text-align: center;\"><span style=\"font-size: 16px;\">Qualquer d\u00favida sobre c\u00f3digos estamos a disposi\u00e7\u00e3o!<\/span><\/p>\n<p style=\"text-align: center;\"><span style=\"font-size: 16px;\"><strong><a href=\"https:\/\/ranking.abad.com.br\/\" target=\"_blank\" rel=\"noopener\">Clique aqui\u00a0<\/a><\/strong>e PARTICIPE!!!<\/span><\/p>\n<p style=\"text-align: center;\"><span style=\"font-size: 16px;\">Precisamos de sua resposta!<\/span><\/p>\n<p>&nbsp;<\/p>\n","protected":false},"excerpt":{"rendered":"<p>O prazo final de entrega \u00e9 28 de fevereiro, impreterivelmente. N\u00e3o fique de fora do Ranking !<\/p>\n","protected":false},"author":14,"featured_media":1578,"parent":0,"menu_order":0,"comment_status":"closed","ping_status":"closed","template":"","meta":{"footnotes":""},"class_list":["post-1579","page","type-page","status-publish","has-post-thumbnail","hentry"],"_links":{"self":[{"href":"https:\/\/aderj.com.br\/v1.0-teste2\/wp-json\/wp\/v2\/pages\/1579"}],"collection":[{"href":"https:\/\/aderj.com.br\/v1.0-teste2\/wp-json\/wp\/v2\/pages"}],"about":[{"href":"https:\/\/aderj.com.br\/v1.0-teste2\/wp-json\/wp\/v2\/types\/page"}],"author":[{"embeddable":true,"href":"https:\/\/aderj.com.br\/v1.0-teste2\/wp-json\/wp\/v2\/users\/14"}],"replies":[{"embeddable":true,"href":"https:\/\/aderj.com.br\/v1.0-teste2\/wp-json\/wp\/v2\/comments?post=1579"}],"version-history":[{"count":1,"href":"https:\/\/aderj.com.br\/v1.0-teste2\/wp-json\/wp\/v2\/pages\/1579\/revisions"}],"predecessor-version":[{"id":9988,"href":"https:\/\/aderj.com.br\/v1.0-teste2\/wp-json\/wp\/v2\/pages\/1579\/revisions\/9988"}],"wp:featuredmedia":[{"embeddable":true,"href":"https:\/\/aderj.com.br\/v1.0-teste2\/wp-json\/wp\/v2\/media\/1578"}],"wp:attachment":[{"href":"https:\/\/aderj.com.br\/v1.0-teste2\/wp-json\/wp\/v2\/media?parent=1579"}],"curies":[{"name":"wp","href":"https:\/\/api.w.org\/{rel}","templated":true}]}}