{"id":4787,"date":"2024-07-21T15:58:22","date_gmt":"2024-07-21T18:58:22","guid":{"rendered":"https:\/\/criaridentidade.com\/aderj\/?page_id=4787"},"modified":"2026-03-16T16:19:03","modified_gmt":"2026-03-16T19:19:03","slug":"assessorias-aderj","status":"publish","type":"page","link":"https:\/\/aderj.com.br\/index.php\/assessorias-aderj\/","title":{"rendered":"Assessorias ADERJ"},"content":{"rendered":"\t\t<div data-elementor-type=\"wp-page\" data-elementor-id=\"4787\" class=\"elementor elementor-4787\" data-elementor-post-type=\"page\">\n\t\t\t\t\t\t<section class=\"elementor-section elementor-top-section elementor-element elementor-element-ff8d87d elementor-section-boxed elementor-section-height-default elementor-section-height-default wpr-particle-no wpr-jarallax-no wpr-parallax-no wpr-sticky-section-no\" data-id=\"ff8d87d\" data-element_type=\"section\">\n\t\t\t\t\t\t<div class=\"elementor-container elementor-column-gap-default\">\n\t\t\t\t\t<div class=\"elementor-column elementor-col-50 elementor-top-column elementor-element elementor-element-83047b3\" data-id=\"83047b3\" data-element_type=\"column\">\n\t\t\t<div class=\"elementor-widget-wrap elementor-element-populated\">\n\t\t\t\t\t\t<div class=\"elementor-element elementor-element-250776b elementor-widget__width-initial elementor-absolute elementor-widget elementor-widget-image\" data-id=\"250776b\" data-element_type=\"widget\" data-settings=\"{&quot;_position&quot;:&quot;absolute&quot;}\" data-widget_type=\"image.default\">\n\t\t\t\t<div class=\"elementor-widget-container\">\n\t\t\t\t\t\t\t\t\t\t\t\t\t\t\t<img fetchpriority=\"high\" decoding=\"async\" width=\"400\" height=\"274\" src=\"https:\/\/aderj.com.br\/wp-content\/uploads\/2024\/05\/stock-vector-rio-de-janeiro-landmarks-and-top-places-to-visit-line-icons-vector-set-of-most-popular-city-454749025-Convertido-2-e1714760174291.png\" class=\"attachment-full size-full wp-image-2809\" alt=\"\" \/>\t\t\t\t\t\t\t\t\t\t\t\t\t\t\t<\/div>\n\t\t\t\t<\/div>\n\t\t\t\t\t<\/div>\n\t\t<\/div>\n\t\t\t\t<div class=\"elementor-column elementor-col-50 elementor-top-column elementor-element elementor-element-45d3c3c\" data-id=\"45d3c3c\" data-element_type=\"column\">\n\t\t\t<div class=\"elementor-widget-wrap elementor-element-populated\">\n\t\t\t\t\t\t<div class=\"elementor-element elementor-element-9016d7e elementor-widget elementor-widget-spacer\" data-id=\"9016d7e\" data-element_type=\"widget\" data-widget_type=\"spacer.default\">\n\t\t\t\t<div class=\"elementor-widget-container\">\n\t\t\t\t\t\t\t<div class=\"elementor-spacer\">\n\t\t\t<div class=\"elementor-spacer-inner\"><\/div>\n\t\t<\/div>\n\t\t\t\t\t\t<\/div>\n\t\t\t\t<\/div>\n\t\t\t\t\t<\/div>\n\t\t<\/div>\n\t\t\t\t\t<\/div>\n\t\t<\/section>\n\t\t\t\t<section class=\"elementor-section elementor-top-section elementor-element elementor-element-b0f0967 elementor-section-boxed elementor-section-height-default elementor-section-height-default wpr-particle-no wpr-jarallax-no wpr-parallax-no wpr-sticky-section-no\" data-id=\"b0f0967\" data-element_type=\"section\" data-settings=\"{&quot;background_background&quot;:&quot;classic&quot;}\">\n\t\t\t\t\t\t\t<div class=\"elementor-background-overlay\"><\/div>\n\t\t\t\t\t\t\t<div class=\"elementor-container elementor-column-gap-default\">\n\t\t\t\t\t<div class=\"elementor-column elementor-col-50 elementor-top-column elementor-element elementor-element-746ed1b\" data-id=\"746ed1b\" data-element_type=\"column\">\n\t\t\t<div class=\"elementor-widget-wrap elementor-element-populated\">\n\t\t\t\t\t\t<div class=\"elementor-element elementor-element-4dbc4f1 elementor-widget__width-initial elementor-widget elementor-widget-spacer\" data-id=\"4dbc4f1\" data-element_type=\"widget\" data-widget_type=\"spacer.default\">\n\t\t\t\t<div class=\"elementor-widget-container\">\n\t\t\t\t\t\t\t<div class=\"elementor-spacer\">\n\t\t\t<div class=\"elementor-spacer-inner\"><\/div>\n\t\t<\/div>\n\t\t\t\t\t\t<\/div>\n\t\t\t\t<\/div>\n\t\t\t\t\t<\/div>\n\t\t<\/div>\n\t\t\t\t<div class=\"elementor-column elementor-col-50 elementor-top-column elementor-element elementor-element-8d49b56\" data-id=\"8d49b56\" data-element_type=\"column\">\n\t\t\t<div class=\"elementor-widget-wrap elementor-element-populated\">\n\t\t\t\t\t\t<div class=\"elementor-element elementor-element-02f7f98 elementor-widget__width-initial elementor-absolute elementor-widget elementor-widget-image\" data-id=\"02f7f98\" data-element_type=\"widget\" data-settings=\"{&quot;_position&quot;:&quot;absolute&quot;}\" data-widget_type=\"image.default\">\n\t\t\t\t<div class=\"elementor-widget-container\">\n\t\t\t\t\t\t\t\t\t\t\t\t\t\t\t<img decoding=\"async\" width=\"644\" height=\"662\" src=\"https:\/\/aderj.com.br\/wp-content\/uploads\/2024\/05\/Mascara2-Tributario.png\" class=\"attachment-full size-full wp-image-3366\" alt=\"\" \/>\t\t\t\t\t\t\t\t\t\t\t\t\t\t\t<\/div>\n\t\t\t\t<\/div>\n\t\t\t\t<div class=\"elementor-element elementor-element-9097ac3 elementor-widget elementor-widget-heading\" data-id=\"9097ac3\" data-element_type=\"widget\" data-widget_type=\"heading.default\">\n\t\t\t\t<div class=\"elementor-widget-container\">\n\t\t\t\t\t<h2 class=\"elementor-heading-title elementor-size-default\">A ADERJ oferece as suas associadas servi\u00e7os de assessorias conforme abaixo:<\/h2>\t\t\t\t<\/div>\n\t\t\t\t<\/div>\n\t\t\t\t<div class=\"elementor-element elementor-element-9c25c61 elementor-widget__width-initial elementor-widget elementor-widget-text-editor\" data-id=\"9c25c61\" data-element_type=\"widget\" data-widget_type=\"text-editor.default\">\n\t\t\t\t<div class=\"elementor-widget-container\">\n\t\t\t\t\t\t\t\t\t<p><strong>ASSESSORIA TRIBUT\u00c1RIA:<\/strong> A assessoria tribut\u00e1ria da ADERJ tem como objetivo dar suporte a comiss\u00e3o tribut\u00e1ria da associa\u00e7\u00e3o na cria\u00e7\u00e3o de Leis, Decretos, Resolu\u00e7\u00f5es e Portarias na esfera estadual defendendo o segmento da guerra fiscal, sempre solicitando uma igualdade tribut\u00e1ria com estados vizinhos.<\/p><p><strong>ASSESSORIA JUR\u00cdDICA:<\/strong> A ADERJ oferece consultoria jur\u00eddica e empresarial para as associadas com o objetivo dar suporte e assist\u00eancia as associadas nas \u00e1reas: Tribut\u00e1ria, Comercial e Trabalhista.<\/p><p><strong>ASSESSORIA CONT\u00c1BIL:<\/strong> A assessoria cont\u00e1bil da ADERJ tem como objetivo cuidar de toda parte cont\u00e1bil e fiscal da pr\u00f3pria associa\u00e7\u00e3o, conferindo todos os pagamentos juntamente com as respectivas notas fiscais e recolhimento de todos os impostos devidos mensalmente sem atraso, encaminhar todo o movimento cont\u00e1bil para a auditoria mensalmente.<\/p><p><strong>ASSESSORIA LGPD E COMPLIANCE:<\/strong> A assessoria de LGPD da ADERJ tem como objetivo dar suporte e assist\u00eancia as associadas na \u00e1rea de direito digital em especial a Lei Geral de Prote\u00e7\u00e3o de Dados.<\/p>\t\t\t\t\t\t\t\t<\/div>\n\t\t\t\t<\/div>\n\t\t\t\t\t<\/div>\n\t\t<\/div>\n\t\t\t\t\t<\/div>\n\t\t<\/section>\n\t\t\t\t<section class=\"elementor-section elementor-top-section elementor-element elementor-element-ec39eaa elementor-section-boxed elementor-section-height-default elementor-section-height-default wpr-particle-no wpr-jarallax-no wpr-parallax-no wpr-sticky-section-no\" data-id=\"ec39eaa\" data-element_type=\"section\">\n\t\t\t\t\t\t<div class=\"elementor-container elementor-column-gap-default\">\n\t\t\t\t\t<div class=\"elementor-column elementor-col-100 elementor-top-column elementor-element elementor-element-2b3de0b\" data-id=\"2b3de0b\" data-element_type=\"column\">\n\t\t\t<div class=\"elementor-widget-wrap elementor-element-populated\">\n\t\t\t\t\t\t<div class=\"elementor-element elementor-element-47b486a elementor-widget elementor-widget-spacer\" data-id=\"47b486a\" data-element_type=\"widget\" data-widget_type=\"spacer.default\">\n\t\t\t\t<div class=\"elementor-widget-container\">\n\t\t\t\t\t\t\t<div class=\"elementor-spacer\">\n\t\t\t<div class=\"elementor-spacer-inner\"><\/div>\n\t\t<\/div>\n\t\t\t\t\t\t<\/div>\n\t\t\t\t<\/div>\n\t\t\t\t\t<\/div>\n\t\t<\/div>\n\t\t\t\t\t<\/div>\n\t\t<\/section>\n\t\t\t\t<\/div>\n\t\t","protected":false},"excerpt":{"rendered":"<p>A ADERJ oferece as suas associadas servi\u00e7os de assessorias conforme abaixo: ASSESSORIA TRIBUT\u00c1RIA: A assessoria tribut\u00e1ria da ADERJ tem como objetivo dar suporte a comiss\u00e3o tribut\u00e1ria da associa\u00e7\u00e3o na cria\u00e7\u00e3o de Leis, Decretos, Resolu\u00e7\u00f5es e Portarias na esfera estadual defendendo o segmento da guerra fiscal, sempre solicitando uma igualdade tribut\u00e1ria com estados vizinhos. ASSESSORIA JUR\u00cdDICA: A ADERJ oferece consultoria jur\u00eddica e empresarial para as associadas com o objetivo dar suporte e assist\u00eancia as associadas nas \u00e1reas: Tribut\u00e1ria, Comercial e Trabalhista. ASSESSORIA CONT\u00c1BIL: A assessoria cont\u00e1bil da ADERJ tem como objetivo cuidar de toda parte cont\u00e1bil e fiscal da pr\u00f3pria associa\u00e7\u00e3o, conferindo todos os pagamentos juntamente com as respectivas notas fiscais e recolhimento de todos os impostos devidos mensalmente sem atraso, encaminhar todo o movimento cont\u00e1bil para a auditoria mensalmente. ASSESSORIA LGPD E COMPLIANCE: A assessoria de LGPD da ADERJ tem como objetivo dar suporte e assist\u00eancia as associadas na \u00e1rea de direito digital em especial a Lei Geral de Prote\u00e7\u00e3o de Dados.<\/p>\n","protected":false},"author":1,"featured_media":0,"parent":0,"menu_order":0,"comment_status":"closed","ping_status":"closed","template":"","meta":{"footnotes":""},"class_list":["post-4787","page","type-page","status-publish","hentry"],"rttpg_featured_image_url":null,"rttpg_author":{"display_name":"ADMIN","author_link":"https:\/\/aderj.com.br\/index.php\/author\/angrarj-com\/"},"rttpg_comment":0,"rttpg_category":null,"rttpg_excerpt":"A ADERJ oferece as suas associadas servi\u00e7os de assessorias conforme abaixo: ASSESSORIA TRIBUT\u00c1RIA: A assessoria tribut\u00e1ria da ADERJ tem como objetivo dar suporte a comiss\u00e3o tribut\u00e1ria da associa\u00e7\u00e3o na cria\u00e7\u00e3o de Leis, Decretos, Resolu\u00e7\u00f5es e Portarias na esfera estadual defendendo o segmento da guerra fiscal, sempre solicitando uma igualdade tribut\u00e1ria com estados vizinhos. ASSESSORIA JUR\u00cdDICA:&hellip;","_links":{"self":[{"href":"https:\/\/aderj.com.br\/index.php\/wp-json\/wp\/v2\/pages\/4787","targetHints":{"allow":["GET"]}}],"collection":[{"href":"https:\/\/aderj.com.br\/index.php\/wp-json\/wp\/v2\/pages"}],"about":[{"href":"https:\/\/aderj.com.br\/index.php\/wp-json\/wp\/v2\/types\/page"}],"author":[{"embeddable":true,"href":"https:\/\/aderj.com.br\/index.php\/wp-json\/wp\/v2\/users\/1"}],"replies":[{"embeddable":true,"href":"https:\/\/aderj.com.br\/index.php\/wp-json\/wp\/v2\/comments?post=4787"}],"version-history":[{"count":16,"href":"https:\/\/aderj.com.br\/index.php\/wp-json\/wp\/v2\/pages\/4787\/revisions"}],"predecessor-version":[{"id":15024,"href":"https:\/\/aderj.com.br\/index.php\/wp-json\/wp\/v2\/pages\/4787\/revisions\/15024"}],"wp:attachment":[{"href":"https:\/\/aderj.com.br\/index.php\/wp-json\/wp\/v2\/media?parent=4787"}],"curies":[{"name":"wp","href":"https:\/\/api.w.org\/{rel}","templated":true}]}}