{"id":3512,"date":"2024-05-09T19:56:41","date_gmt":"2024-05-09T22:56:41","guid":{"rendered":"https:\/\/unioncityrp.com\/aderj\/?page_id=3512"},"modified":"2024-05-16T19:52:58","modified_gmt":"2024-05-16T22:52:58","slug":"abad","status":"publish","type":"page","link":"https:\/\/aderj.com.br\/index.php\/abad\/","title":{"rendered":"ABAD"},"content":{"rendered":"\t\t<div data-elementor-type=\"wp-page\" data-elementor-id=\"3512\" class=\"elementor elementor-3512\" data-elementor-post-type=\"page\">\n\t\t\t\t\t\t<section class=\"elementor-section elementor-top-section elementor-element elementor-element-fd8baf4 elementor-section-boxed elementor-section-height-default elementor-section-height-default wpr-particle-no wpr-jarallax-no wpr-parallax-no wpr-sticky-section-no\" data-id=\"fd8baf4\" data-element_type=\"section\">\n\t\t\t\t\t\t<div class=\"elementor-container elementor-column-gap-default\">\n\t\t\t\t\t<div class=\"elementor-column elementor-col-50 elementor-top-column elementor-element elementor-element-c95181c\" data-id=\"c95181c\" data-element_type=\"column\">\n\t\t\t<div class=\"elementor-widget-wrap elementor-element-populated\">\n\t\t\t\t\t\t<div class=\"elementor-element elementor-element-536a84c elementor-widget__width-initial elementor-absolute elementor-widget elementor-widget-image\" data-id=\"536a84c\" data-element_type=\"widget\" data-settings=\"{&quot;_position&quot;:&quot;absolute&quot;}\" data-widget_type=\"image.default\">\n\t\t\t\t<div class=\"elementor-widget-container\">\n\t\t\t\t\t\t\t\t\t\t\t\t\t\t\t<img fetchpriority=\"high\" decoding=\"async\" width=\"400\" height=\"274\" src=\"https:\/\/aderj.com.br\/wp-content\/uploads\/2024\/05\/stock-vector-rio-de-janeiro-landmarks-and-top-places-to-visit-line-icons-vector-set-of-most-popular-city-454749025-Convertido-2-e1714760174291.png\" class=\"attachment-full size-full wp-image-2809\" alt=\"\" \/>\t\t\t\t\t\t\t\t\t\t\t\t\t\t\t<\/div>\n\t\t\t\t<\/div>\n\t\t\t\t\t<\/div>\n\t\t<\/div>\n\t\t\t\t<div class=\"elementor-column elementor-col-50 elementor-top-column elementor-element elementor-element-f53a98d\" data-id=\"f53a98d\" data-element_type=\"column\">\n\t\t\t<div class=\"elementor-widget-wrap elementor-element-populated\">\n\t\t\t\t\t\t<div class=\"elementor-element elementor-element-4d853dd elementor-widget elementor-widget-spacer\" data-id=\"4d853dd\" data-element_type=\"widget\" data-widget_type=\"spacer.default\">\n\t\t\t\t<div class=\"elementor-widget-container\">\n\t\t\t\t\t\t\t<div class=\"elementor-spacer\">\n\t\t\t<div class=\"elementor-spacer-inner\"><\/div>\n\t\t<\/div>\n\t\t\t\t\t\t<\/div>\n\t\t\t\t<\/div>\n\t\t\t\t\t<\/div>\n\t\t<\/div>\n\t\t\t\t\t<\/div>\n\t\t<\/section>\n\t\t\t\t<section class=\"elementor-section elementor-top-section elementor-element elementor-element-8fc8754 elementor-section-boxed elementor-section-height-default elementor-section-height-default wpr-particle-no wpr-jarallax-no wpr-parallax-no wpr-sticky-section-no\" data-id=\"8fc8754\" data-element_type=\"section\">\n\t\t\t\t\t\t<div class=\"elementor-container elementor-column-gap-default\">\n\t\t\t\t\t<div class=\"elementor-column elementor-col-100 elementor-top-column elementor-element elementor-element-60e67d1\" data-id=\"60e67d1\" data-element_type=\"column\">\n\t\t\t<div class=\"elementor-widget-wrap elementor-element-populated\">\n\t\t\t\t\t\t<div class=\"elementor-element elementor-element-81dd64d elementor-widget__width-initial elementor-absolute elementor-widget elementor-widget-image\" data-id=\"81dd64d\" data-element_type=\"widget\" data-settings=\"{&quot;_position&quot;:&quot;absolute&quot;}\" data-widget_type=\"image.default\">\n\t\t\t\t<div class=\"elementor-widget-container\">\n\t\t\t\t\t\t\t\t\t\t\t\t\t\t\t<img decoding=\"async\" width=\"751\" height=\"683\" src=\"https:\/\/aderj.com.br\/wp-content\/uploads\/2024\/05\/Logo-ABAD-2.png\" class=\"attachment-full size-full wp-image-3514\" alt=\"\" \/>\t\t\t\t\t\t\t\t\t\t\t\t\t\t\t<\/div>\n\t\t\t\t<\/div>\n\t\t\t\t\t<\/div>\n\t\t<\/div>\n\t\t\t\t\t<\/div>\n\t\t<\/section>\n\t\t\t\t<section class=\"elementor-section elementor-top-section elementor-element elementor-element-2f5f2dc elementor-section-boxed elementor-section-height-default elementor-section-height-default wpr-particle-no wpr-jarallax-no wpr-parallax-no wpr-sticky-section-no\" data-id=\"2f5f2dc\" data-element_type=\"section\" data-settings=\"{&quot;background_background&quot;:&quot;classic&quot;}\">\n\t\t\t\t\t\t\t<div class=\"elementor-background-overlay\"><\/div>\n\t\t\t\t\t\t\t<div class=\"elementor-container elementor-column-gap-default\">\n\t\t\t\t\t<div class=\"elementor-column elementor-col-50 elementor-top-column elementor-element elementor-element-a0e2fb8\" data-id=\"a0e2fb8\" data-element_type=\"column\">\n\t\t\t<div class=\"elementor-widget-wrap elementor-element-populated\">\n\t\t\t\t\t\t<div class=\"elementor-element elementor-element-7f1b2be elementor-widget__width-initial elementor-widget elementor-widget-spacer\" data-id=\"7f1b2be\" data-element_type=\"widget\" data-widget_type=\"spacer.default\">\n\t\t\t\t<div class=\"elementor-widget-container\">\n\t\t\t\t\t\t\t<div class=\"elementor-spacer\">\n\t\t\t<div class=\"elementor-spacer-inner\"><\/div>\n\t\t<\/div>\n\t\t\t\t\t\t<\/div>\n\t\t\t\t<\/div>\n\t\t\t\t\t<\/div>\n\t\t<\/div>\n\t\t\t\t<div class=\"elementor-column elementor-col-50 elementor-top-column elementor-element elementor-element-7245b55\" data-id=\"7245b55\" data-element_type=\"column\">\n\t\t\t<div class=\"elementor-widget-wrap elementor-element-populated\">\n\t\t\t\t\t\t<div class=\"elementor-element elementor-element-261c5c5 elementor-widget__width-initial elementor-absolute elementor-widget elementor-widget-image\" data-id=\"261c5c5\" data-element_type=\"widget\" data-settings=\"{&quot;_position&quot;:&quot;absolute&quot;}\" data-widget_type=\"image.default\">\n\t\t\t\t<div class=\"elementor-widget-container\">\n\t\t\t\t\t\t\t\t\t\t\t\t\t\t\t<img decoding=\"async\" width=\"644\" height=\"662\" src=\"https:\/\/aderj.com.br\/wp-content\/uploads\/2024\/05\/Mascara2-ABAD.png\" class=\"attachment-full size-full wp-image-3520\" alt=\"\" \/>\t\t\t\t\t\t\t\t\t\t\t\t\t\t\t<\/div>\n\t\t\t\t<\/div>\n\t\t\t\t<div class=\"elementor-element elementor-element-8d68b9f elementor-widget elementor-widget-heading\" data-id=\"8d68b9f\" data-element_type=\"widget\" data-widget_type=\"heading.default\">\n\t\t\t\t<div class=\"elementor-widget-container\">\n\t\t\t\t\t<h2 class=\"elementor-heading-title elementor-size-default\">CONHE\u00c7A A ABAD<\/h2>\t\t\t\t<\/div>\n\t\t\t\t<\/div>\n\t\t\t\t<div class=\"elementor-element elementor-element-9247029 elementor-widget elementor-widget-text-editor\" data-id=\"9247029\" data-element_type=\"widget\" data-widget_type=\"text-editor.default\">\n\t\t\t\t<div class=\"elementor-widget-container\">\n\t\t\t\t\t\t\t\t\t<p>A ABAD (Associa\u00e7\u00e3o Brasileira de Atacadistas e Distribuidores) \u00e9 a entidade de abrang\u00eancia nacional que representa as empresas atacadistas e distribuidoras que comercializam produtos aliment\u00edcios industrializados, candies, bebidas, produtos de higiene pessoal, limpeza dom\u00e9stica, produtos farmac\u00eauticos, de perfumaria, papelaria e material de constru\u00e7\u00e3o, entre outros.<\/p>\n<p>A entidade foi criada em 23 de novembro de 1981, em S\u00e3o Paulo, com o objetivo de promover o desenvolvimento da cadeia de abastecimento do Canal Indireto em todo o territ\u00f3rio nacional, incentivando o interc\u00e2mbio entre Ind\u00fastria, Varejo Independente, prestadores de servi\u00e7os e empresas do segmento.<\/p>\n<p>A atua\u00e7\u00e3o da ABAD, em suas diversas frentes, reflete a import\u00e2ncia dos agentes de distribui\u00e7\u00e3o para a economia do pa\u00eds e reafirma a voca\u00e7\u00e3o da entidade: agregar for\u00e7as, estabelecer parcerias e encabe\u00e7ar a\u00e7\u00f5es que tragam benef\u00edcios n\u00e3o apenas para o mercado atacadista distribuidor, mas para toda a sociedade.<\/p>\n<p>A ADERJ foi fundada com o integral apoio ABAD, estabelecendo uma rede de conex\u00e3o e coopera\u00e7\u00e3o entre os empres\u00e1rios fluminense deste setor. A ADERJ tem concentrado a promo\u00e7\u00e3o do desenvolvimento econ\u00f4mico do estado do Rio de Janeiro no segmento de atacado e distribui\u00e7\u00e3o, mantendo o equil\u00edbrio e impulsionando o crescimento desta essencial atividade.<\/p>\n<div>&nbsp;<\/div>\t\t\t\t\t\t\t\t<\/div>\n\t\t\t\t<\/div>\n\t\t\t\t<div class=\"elementor-element elementor-element-4e75ad4 elementor-widget__width-initial elementor-align-center elementor-widget elementor-widget-button\" data-id=\"4e75ad4\" data-element_type=\"widget\" data-widget_type=\"button.default\">\n\t\t\t\t<div class=\"elementor-widget-container\">\n\t\t\t\t\t\t\t\t\t<div class=\"elementor-button-wrapper\">\n\t\t\t\t\t<a class=\"elementor-button elementor-button-link elementor-size-sm elementor-animation-float\" href=\"https:\/\/abad.com.br\">\n\t\t\t\t\t\t<span class=\"elementor-button-content-wrapper\">\n\t\t\t\t\t\t<span class=\"elementor-button-icon\">\n\t\t\t\t<i aria-hidden=\"true\" class=\"fas fa-external-link-alt\"><\/i>\t\t\t<\/span>\n\t\t\t\t\t\t\t\t\t<span class=\"elementor-button-text\">Clique aqui e conhe\u00e7a a ABAD<\/span>\n\t\t\t\t\t<\/span>\n\t\t\t\t\t<\/a>\n\t\t\t\t<\/div>\n\t\t\t\t\t\t\t\t<\/div>\n\t\t\t\t<\/div>\n\t\t\t\t\t<\/div>\n\t\t<\/div>\n\t\t\t\t\t<\/div>\n\t\t<\/section>\n\t\t\t\t<section class=\"elementor-section elementor-top-section elementor-element elementor-element-d191a59 elementor-section-boxed elementor-section-height-default elementor-section-height-default wpr-particle-no wpr-jarallax-no wpr-parallax-no wpr-sticky-section-no\" data-id=\"d191a59\" data-element_type=\"section\">\n\t\t\t\t\t\t<div class=\"elementor-container elementor-column-gap-default\">\n\t\t\t\t\t<div class=\"elementor-column elementor-col-100 elementor-top-column elementor-element elementor-element-45e19ce\" data-id=\"45e19ce\" data-element_type=\"column\">\n\t\t\t<div class=\"elementor-widget-wrap\">\n\t\t\t\t\t\t\t<\/div>\n\t\t<\/div>\n\t\t\t\t\t<\/div>\n\t\t<\/section>\n\t\t\t\t<\/div>\n\t\t","protected":false},"excerpt":{"rendered":"<p>CONHE\u00c7A A ABAD A ABAD (Associa\u00e7\u00e3o Brasileira de Atacadistas e Distribuidores) \u00e9 a entidade de abrang\u00eancia nacional que representa as empresas atacadistas e distribuidoras que comercializam produtos aliment\u00edcios industrializados, candies, bebidas, produtos de higiene pessoal, limpeza dom\u00e9stica, produtos farmac\u00eauticos, de perfumaria, papelaria e material de constru\u00e7\u00e3o, entre outros. A entidade foi criada em 23 de novembro de 1981, em S\u00e3o Paulo, com o objetivo de promover o desenvolvimento da cadeia de abastecimento do Canal Indireto em todo o territ\u00f3rio nacional, incentivando o interc\u00e2mbio entre Ind\u00fastria, Varejo Independente, prestadores de servi\u00e7os e empresas do segmento. A atua\u00e7\u00e3o da ABAD, em suas diversas frentes, reflete a import\u00e2ncia dos agentes de distribui\u00e7\u00e3o para a economia do pa\u00eds e reafirma a voca\u00e7\u00e3o da entidade: agregar for\u00e7as, estabelecer parcerias e encabe\u00e7ar a\u00e7\u00f5es que tragam benef\u00edcios n\u00e3o apenas para o mercado atacadista distribuidor, mas para toda a sociedade. A ADERJ foi fundada com o integral apoio ABAD, estabelecendo uma rede de conex\u00e3o e coopera\u00e7\u00e3o entre os empres\u00e1rios fluminense deste setor. A ADERJ tem concentrado a promo\u00e7\u00e3o do desenvolvimento econ\u00f4mico do estado do Rio de Janeiro no segmento de atacado e distribui\u00e7\u00e3o, mantendo o equil\u00edbrio e impulsionando o crescimento desta essencial atividade. &nbsp; Clique aqui e conhe\u00e7a a ABAD<\/p>\n","protected":false},"author":1,"featured_media":0,"parent":0,"menu_order":0,"comment_status":"closed","ping_status":"closed","template":"","meta":{"footnotes":""},"class_list":["post-3512","page","type-page","status-publish","hentry"],"rttpg_featured_image_url":null,"rttpg_author":{"display_name":"ADMIN","author_link":"https:\/\/aderj.com.br\/index.php\/author\/angrarj-com\/"},"rttpg_comment":0,"rttpg_category":null,"rttpg_excerpt":"CONHE\u00c7A A ABAD A ABAD (Associa\u00e7\u00e3o Brasileira de Atacadistas e Distribuidores) \u00e9 a entidade de abrang\u00eancia nacional que representa as empresas atacadistas e distribuidoras que comercializam produtos aliment\u00edcios industrializados, candies, bebidas, produtos de higiene pessoal, limpeza dom\u00e9stica, produtos farmac\u00eauticos, de perfumaria, papelaria e material de constru\u00e7\u00e3o, entre outros. A entidade foi criada em 23 de&hellip;","_links":{"self":[{"href":"https:\/\/aderj.com.br\/index.php\/wp-json\/wp\/v2\/pages\/3512","targetHints":{"allow":["GET"]}}],"collection":[{"href":"https:\/\/aderj.com.br\/index.php\/wp-json\/wp\/v2\/pages"}],"about":[{"href":"https:\/\/aderj.com.br\/index.php\/wp-json\/wp\/v2\/types\/page"}],"author":[{"embeddable":true,"href":"https:\/\/aderj.com.br\/index.php\/wp-json\/wp\/v2\/users\/1"}],"replies":[{"embeddable":true,"href":"https:\/\/aderj.com.br\/index.php\/wp-json\/wp\/v2\/comments?post=3512"}],"version-history":[{"count":10,"href":"https:\/\/aderj.com.br\/index.php\/wp-json\/wp\/v2\/pages\/3512\/revisions"}],"predecessor-version":[{"id":3547,"href":"https:\/\/aderj.com.br\/index.php\/wp-json\/wp\/v2\/pages\/3512\/revisions\/3547"}],"wp:attachment":[{"href":"https:\/\/aderj.com.br\/index.php\/wp-json\/wp\/v2\/media?parent=3512"}],"curies":[{"name":"wp","href":"https:\/\/api.w.org\/{rel}","templated":true}]}}