{"id":14246,"date":"2024-12-04T15:33:19","date_gmt":"2024-12-04T18:33:19","guid":{"rendered":"https:\/\/aderj.com.br\/?page_id=14246"},"modified":"2024-12-04T15:41:58","modified_gmt":"2024-12-04T18:41:58","slug":"aviso-de-privacidade","status":"publish","type":"page","link":"https:\/\/aderj.com.br\/index.php\/aviso-de-privacidade\/","title":{"rendered":"Aviso de Privacidade"},"content":{"rendered":"\t\t<div data-elementor-type=\"wp-page\" data-elementor-id=\"14246\" class=\"elementor elementor-14246\" data-elementor-post-type=\"page\">\n\t\t\t\t\t\t<section class=\"elementor-section elementor-top-section elementor-element elementor-element-5492333 elementor-section-boxed elementor-section-height-default elementor-section-height-default wpr-particle-no wpr-jarallax-no wpr-parallax-no wpr-sticky-section-no\" data-id=\"5492333\" data-element_type=\"section\">\n\t\t\t\t\t\t<div class=\"elementor-container elementor-column-gap-default\">\n\t\t\t\t\t<div class=\"elementor-column elementor-col-50 elementor-top-column elementor-element elementor-element-2226430\" data-id=\"2226430\" data-element_type=\"column\">\n\t\t\t<div class=\"elementor-widget-wrap elementor-element-populated\">\n\t\t\t\t\t\t<div class=\"elementor-element elementor-element-aa6f8bb elementor-widget__width-initial elementor-absolute elementor-widget-tablet__width-initial elementor-widget-mobile__width-initial elementor-widget elementor-widget-image\" data-id=\"aa6f8bb\" data-element_type=\"widget\" data-settings=\"{&quot;_position&quot;:&quot;absolute&quot;}\" data-widget_type=\"image.default\">\n\t\t\t\t<div class=\"elementor-widget-container\">\n\t\t\t\t\t\t\t\t\t\t\t\t\t\t\t<img fetchpriority=\"high\" decoding=\"async\" width=\"362\" height=\"362\" src=\"https:\/\/aderj.com.br\/wp-content\/uploads\/2024\/05\/stock-vector-rio-de-janeiro-landmarks-and-top-places-to-visit-line-icons-vector-set-of-most-popular-city-454749025-Convertido-9-e1714762342368.png\" class=\"attachment-full size-full wp-image-2834\" alt=\"\" srcset=\"https:\/\/aderj.com.br\/wp-content\/uploads\/2024\/05\/stock-vector-rio-de-janeiro-landmarks-and-top-places-to-visit-line-icons-vector-set-of-most-popular-city-454749025-Convertido-9-e1714762342368.png 362w, https:\/\/aderj.com.br\/wp-content\/uploads\/2024\/05\/stock-vector-rio-de-janeiro-landmarks-and-top-places-to-visit-line-icons-vector-set-of-most-popular-city-454749025-Convertido-9-e1714762342368-300x300.png 300w, https:\/\/aderj.com.br\/wp-content\/uploads\/2024\/05\/stock-vector-rio-de-janeiro-landmarks-and-top-places-to-visit-line-icons-vector-set-of-most-popular-city-454749025-Convertido-9-e1714762342368-150x150.png 150w\" sizes=\"(max-width: 362px) 100vw, 362px\" \/>\t\t\t\t\t\t\t\t\t\t\t\t\t\t\t<\/div>\n\t\t\t\t<\/div>\n\t\t\t\t\t<\/div>\n\t\t<\/div>\n\t\t\t\t<div class=\"elementor-column elementor-col-50 elementor-top-column elementor-element elementor-element-ff294ae\" data-id=\"ff294ae\" data-element_type=\"column\">\n\t\t\t<div class=\"elementor-widget-wrap elementor-element-populated\">\n\t\t\t\t\t\t<div class=\"elementor-element elementor-element-250cb6e elementor-widget elementor-widget-spacer\" data-id=\"250cb6e\" data-element_type=\"widget\" data-widget_type=\"spacer.default\">\n\t\t\t\t<div class=\"elementor-widget-container\">\n\t\t\t\t\t\t\t<div class=\"elementor-spacer\">\n\t\t\t<div class=\"elementor-spacer-inner\"><\/div>\n\t\t<\/div>\n\t\t\t\t\t\t<\/div>\n\t\t\t\t<\/div>\n\t\t\t\t\t<\/div>\n\t\t<\/div>\n\t\t\t\t\t<\/div>\n\t\t<\/section>\n\t\t\t\t<section class=\"elementor-section elementor-top-section elementor-element elementor-element-3aaebe4 elementor-section-boxed elementor-section-height-default elementor-section-height-default wpr-particle-no wpr-jarallax-no wpr-parallax-no wpr-sticky-section-no\" data-id=\"3aaebe4\" data-element_type=\"section\">\n\t\t\t\t\t\t<div class=\"elementor-container elementor-column-gap-default\">\n\t\t\t\t\t<div class=\"elementor-column elementor-col-100 elementor-top-column elementor-element elementor-element-60df60c\" data-id=\"60df60c\" data-element_type=\"column\">\n\t\t\t<div class=\"elementor-widget-wrap elementor-element-populated\">\n\t\t\t\t\t\t<div class=\"elementor-element elementor-element-5406a64 elementor-widget__width-initial elementor-widget-mobile__width-initial elementor-widget elementor-widget-text-editor\" data-id=\"5406a64\" data-element_type=\"widget\" data-widget_type=\"text-editor.default\">\n\t\t\t\t<div class=\"elementor-widget-container\">\n\t\t\t\t\t\t\t\t\t<p><span style=\"font-weight: 400;\">A Associa\u00e7\u00e3o de Atacadistas e Distribuidores do Estado do Rio de Janeiro &#8211; <\/span><b>ADERJ<\/b><span style=\"font-weight: 400;\"> est\u00e1 comprometida com a privacidade e a prote\u00e7\u00e3o dos dados pessoais de seus associados, colaboradores e demais usu\u00e1rios que acessam nosso site. Este Aviso de Privacidade tem como objetivo esclarecer como coletamos, utilizamos, armazenamos e protegemos suas informa\u00e7\u00f5es, com o intuito de garantir a transpar\u00eancia e conformidade com a legisla\u00e7\u00e3o vigente.<\/span><\/p>\t\t\t\t\t\t\t\t<\/div>\n\t\t\t\t<\/div>\n\t\t\t\t<div class=\"elementor-element elementor-element-9af8fbb elementor-widget elementor-widget-heading\" data-id=\"9af8fbb\" data-element_type=\"widget\" data-widget_type=\"heading.default\">\n\t\t\t\t<div class=\"elementor-widget-container\">\n\t\t\t\t\t<h2 class=\"elementor-heading-title elementor-size-default\">1. COLETA DE DADOS PESSOAIS<\/h2>\t\t\t\t<\/div>\n\t\t\t\t<\/div>\n\t\t\t\t<div class=\"elementor-element elementor-element-18718fa elementor-widget__width-initial elementor-widget-mobile__width-initial elementor-widget elementor-widget-text-editor\" data-id=\"18718fa\" data-element_type=\"widget\" data-widget_type=\"text-editor.default\">\n\t\t\t\t<div class=\"elementor-widget-container\">\n\t\t\t\t\t\t\t\t\t<p><span style=\"font-weight: 400;\">Ao acessar nosso site, podemos coletar informa\u00e7\u00f5es pessoais de usu\u00e1rios que forne\u00e7am seus dados para fins de cadastro, inscri\u00e7\u00e3o em eventos, consultas ou outras intera\u00e7\u00f5es com a <\/span><b>ADERJ<\/b><span style=\"font-weight: 400;\">. Os dados coletados podem incluir cargo e informa\u00e7\u00f5es relacionadas \u00e0 sua empresa, mas n\u00e3o se limitam a:\u00a0<\/span><\/p><p><span style=\"font-weight: 400;\">Nome completo<\/span><\/p><ul><li style=\"font-weight: 400;\" aria-level=\"1\"><span style=\"font-weight: 400;\">Endere\u00e7o de e-mail<\/span><\/li><li style=\"font-weight: 400;\" aria-level=\"1\"><span style=\"font-weight: 400;\">Telefone<\/span><\/li><li style=\"font-weight: 400;\" aria-level=\"1\"><span style=\"font-weight: 400;\">Endere\u00e7o comercial<\/span><\/li><li style=\"font-weight: 400;\" aria-level=\"1\"><span style=\"font-weight: 400;\">Dados financeiros (quando aplic\u00e1vel)<\/span><\/li><li style=\"font-weight: 400;\" aria-level=\"1\"><span style=\"font-weight: 400;\">Informa\u00e7\u00f5es sobre atividades e intera\u00e7\u00f5es com os servi\u00e7os da<\/span><b> ADERJ<\/b><\/li><\/ul>\t\t\t\t\t\t\t\t<\/div>\n\t\t\t\t<\/div>\n\t\t\t\t<div class=\"elementor-element elementor-element-df48139 elementor-widget elementor-widget-heading\" data-id=\"df48139\" data-element_type=\"widget\" data-widget_type=\"heading.default\">\n\t\t\t\t<div class=\"elementor-widget-container\">\n\t\t\t\t\t<h2 class=\"elementor-heading-title elementor-size-default\">2. FINALIDADE DO USO DOS DADOS<\/h2>\t\t\t\t<\/div>\n\t\t\t\t<\/div>\n\t\t\t\t<div class=\"elementor-element elementor-element-b8feb4d elementor-widget__width-initial elementor-widget-mobile__width-initial elementor-widget elementor-widget-text-editor\" data-id=\"b8feb4d\" data-element_type=\"widget\" data-widget_type=\"text-editor.default\">\n\t\t\t\t<div class=\"elementor-widget-container\">\n\t\t\t\t\t\t\t\t\t<p><span style=\"font-weight: 400;\">Os dados pessoais coletados s\u00e3o utilizados exclusivamente para a execu\u00e7\u00e3o das atividades da <\/span><b>ADERJ<\/b><span style=\"font-weight: 400;\">,&nbsp;<\/span><\/p>\n<ul>\n<li style=\"font-weight: 400;\" aria-level=\"1\"><span style=\"font-weight: 400;\">Processamento de inscri\u00e7\u00f5es e ades\u00f5es \u00e0 <\/span><b>ADERJ<\/b><\/li>\n<li style=\"font-weight: 400;\" aria-level=\"1\"><span style=\"font-weight: 400;\">Envio de comunica\u00e7\u00f5es institucionais, newsletters, e outras atualiza\u00e7\u00f5es relacionadas \u00e0 <\/span><b>ADERJ<\/b><\/li>\n<li style=\"font-weight: 400;\" aria-level=\"1\"><span style=\"font-weight: 400;\">Melhoria de nossos servi\u00e7os e desenvolvimento de novos produtos<\/span><\/li>\n<li style=\"font-weight: 400;\" aria-level=\"1\"><span style=\"font-weight: 400;\">Cumprimento de obriga\u00e7\u00f5es legais e regulat\u00f3rias<br><br><\/span><\/li>\n<\/ul>\n<p><span style=\"font-weight: 400;\">Realiza\u00e7\u00e3o de eventos, semin\u00e1rios, treinamentos e outras atividades promovidas pela<\/span><b> ADERJ<\/b><\/p>\t\t\t\t\t\t\t\t<\/div>\n\t\t\t\t<\/div>\n\t\t\t\t<div class=\"elementor-element elementor-element-b1268f7 elementor-widget elementor-widget-heading\" data-id=\"b1268f7\" data-element_type=\"widget\" data-widget_type=\"heading.default\">\n\t\t\t\t<div class=\"elementor-widget-container\">\n\t\t\t\t\t<h2 class=\"elementor-heading-title elementor-size-default\">3. ARMAZENAMENTO E SEGURAN\u00c7A DOS DADOS<\/h2>\t\t\t\t<\/div>\n\t\t\t\t<\/div>\n\t\t\t\t<div class=\"elementor-element elementor-element-12983e0 elementor-widget__width-initial elementor-widget-mobile__width-initial elementor-widget elementor-widget-text-editor\" data-id=\"12983e0\" data-element_type=\"widget\" data-widget_type=\"text-editor.default\">\n\t\t\t\t<div class=\"elementor-widget-container\">\n\t\t\t\t\t\t\t\t\t<p><span style=\"font-weight: 400;\">A <\/span><b>ADERJ<\/b><span style=\"font-weight: 400;\"> adota medidas t\u00e9cnicas e administrativas adequadas para proteger os dados pessoais contra acessos n\u00e3o autorizados, vazamentos, altera\u00e7\u00f5es ou destrui\u00e7\u00e3o. Os dados s\u00e3o armazenados de forma segura e somente acessados por colaboradores autorizados, de acordo com as necessidades da organiza\u00e7\u00e3o.<\/span><\/p>\t\t\t\t\t\t\t\t<\/div>\n\t\t\t\t<\/div>\n\t\t\t\t<div class=\"elementor-element elementor-element-be8577b elementor-widget elementor-widget-heading\" data-id=\"be8577b\" data-element_type=\"widget\" data-widget_type=\"heading.default\">\n\t\t\t\t<div class=\"elementor-widget-container\">\n\t\t\t\t\t<h2 class=\"elementor-heading-title elementor-size-default\">4. COMPARTILHAMENTO DOS DADOS<\/h2>\t\t\t\t<\/div>\n\t\t\t\t<\/div>\n\t\t\t\t<div class=\"elementor-element elementor-element-813d72c elementor-widget__width-initial elementor-widget-mobile__width-initial elementor-widget elementor-widget-text-editor\" data-id=\"813d72c\" data-element_type=\"widget\" data-widget_type=\"text-editor.default\">\n\t\t\t\t<div class=\"elementor-widget-container\">\n\t\t\t\t\t\t\t\t\t<p><span style=\"font-weight: 400;\">A <\/span><b>ADERJ<\/b><span style=\"font-weight: 400;\"> n\u00e3o compartilha dados pessoais com terceiros, exceto quando necess\u00e1rio para\u00a0<\/span><\/p><ul><li style=\"font-weight: 400;\" aria-level=\"1\"><span style=\"font-weight: 400;\">Processamento de inscri\u00e7\u00f5es e ades\u00f5es \u00e0 <\/span><b>ADERJ<\/b><\/li><li style=\"font-weight: 400;\" aria-level=\"1\"><span style=\"font-weight: 400;\">Envio de comunica\u00e7\u00f5es institucionais, newsletters, e outras atualiza\u00e7\u00f5es relacionadas \u00e0<\/span><b> ADERJ<\/b><\/li><li style=\"font-weight: 400;\" aria-level=\"1\"><span style=\"font-weight: 400;\">Melhoria de nossos servi\u00e7os e desenvolvimento de novos produtos<\/span><\/li><li style=\"font-weight: 400;\" aria-level=\"1\"><span style=\"font-weight: 400;\">Cumprimento de obriga\u00e7\u00f5es legais e regulat\u00f3rias<\/span><\/li><li style=\"font-weight: 400;\" aria-level=\"1\"><span style=\"font-weight: 400;\">Realiza\u00e7\u00e3o de eventos, semin\u00e1rios, treinamentos e outras atividades promovidas pela <\/span><b>ADERJ<\/b><span style=\"font-weight: 400;\"> os quais t\u00eam a obriga\u00e7\u00e3o de garantir a prote\u00e7\u00e3o dos dados pessoais conforme este Aviso de Privacidade.<\/span><\/li><\/ul>\t\t\t\t\t\t\t\t<\/div>\n\t\t\t\t<\/div>\n\t\t\t\t<div class=\"elementor-element elementor-element-22f4b0d elementor-widget elementor-widget-heading\" data-id=\"22f4b0d\" data-element_type=\"widget\" data-widget_type=\"heading.default\">\n\t\t\t\t<div class=\"elementor-widget-container\">\n\t\t\t\t\t<h2 class=\"elementor-heading-title elementor-size-default\">5. DIREITO DOS TITULARES<\/h2>\t\t\t\t<\/div>\n\t\t\t\t<\/div>\n\t\t\t\t<div class=\"elementor-element elementor-element-c6911b8 elementor-widget__width-initial elementor-widget-mobile__width-initial elementor-widget elementor-widget-text-editor\" data-id=\"c6911b8\" data-element_type=\"widget\" data-widget_type=\"text-editor.default\">\n\t\t\t\t<div class=\"elementor-widget-container\">\n\t\t\t\t\t\t\t\t\t<p><span style=\"font-weight: 400;\">De acordo com a Lei Geral de Prote\u00e7\u00e3o de Dados (LGPD), voc\u00ea tem os seguintes direitos em rela\u00e7\u00e3o aos seus dados pessoais:<\/span><\/p><ul><li style=\"font-weight: 400;\" aria-level=\"1\"><span style=\"font-weight: 400;\">Confirmar a exist\u00eancia de tratamento de dados<\/span><\/li><li style=\"font-weight: 400;\" aria-level=\"1\"><span style=\"font-weight: 400;\">Acessar seus dados pessoais<\/span><\/li><li style=\"font-weight: 400;\" aria-level=\"1\"><span style=\"font-weight: 400;\">Corrigir dados incompletos, inexatos ou desatualizados<\/span><\/li><li style=\"font-weight: 400;\" aria-level=\"1\"><span style=\"font-weight: 400;\">Solicitar a anonimiza\u00e7\u00e3o, bloqueio ou elimina\u00e7\u00e3o de dados desnecess\u00e1rios ou excessivos<\/span><\/li><li style=\"font-weight: 400;\" aria-level=\"1\"><span style=\"font-weight: 400;\">Solicitar a portabilidade dos dados a outro fornecedor de servi\u00e7o ou produto<\/span><\/li><li style=\"font-weight: 400;\" aria-level=\"1\"><span style=\"font-weight: 400;\">Revogar o consentimento, quando aplic\u00e1vel<br \/><br \/><\/span><\/li><\/ul><p><span style=\"font-weight: 400;\">Para exercer seus direitos, entre em contato conosco por meio dos canais informados no final deste aviso.<\/span><\/p>\t\t\t\t\t\t\t\t<\/div>\n\t\t\t\t<\/div>\n\t\t\t\t<div class=\"elementor-element elementor-element-2fd4f1c elementor-widget elementor-widget-heading\" data-id=\"2fd4f1c\" data-element_type=\"widget\" data-widget_type=\"heading.default\">\n\t\t\t\t<div class=\"elementor-widget-container\">\n\t\t\t\t\t<h2 class=\"elementor-heading-title elementor-size-default\">6. ALTERA\u00c7\u00d5ES NO AVISO DE PRIVACIDADE<\/h2>\t\t\t\t<\/div>\n\t\t\t\t<\/div>\n\t\t\t\t<div class=\"elementor-element elementor-element-c704153 elementor-widget elementor-widget-heading\" data-id=\"c704153\" data-element_type=\"widget\" data-widget_type=\"heading.default\">\n\t\t\t\t<div class=\"elementor-widget-container\">\n\t\t\t\t\t<h2 class=\"elementor-heading-title elementor-size-default\">7. CONTATO<\/h2>\t\t\t\t<\/div>\n\t\t\t\t<\/div>\n\t\t\t\t<div class=\"elementor-element elementor-element-f1abd11 elementor-widget__width-initial elementor-widget-mobile__width-initial elementor-widget elementor-widget-text-editor\" data-id=\"f1abd11\" data-element_type=\"widget\" data-widget_type=\"text-editor.default\">\n\t\t\t\t<div class=\"elementor-widget-container\">\n\t\t\t\t\t\t\t\t\t<p><span style=\"font-weight: 400;\">Caso tenha d\u00favidas ou preocupa\u00e7\u00f5es sobre este Aviso de Privacidade ou sobre o tratamento dos seus dados pessoais, entre em contato conosco:<\/span><\/p><ul><li style=\"font-weight: 400;\" aria-level=\"1\"><span style=\"font-weight: 400;\">E-mail: aderj@aderj.com.br<\/span><\/li><li style=\"font-weight: 400;\" aria-level=\"1\"><span style=\"font-weight: 400;\">Telefone: (21) 2584-3590 \/ (21) 2584-2446<\/span><\/li><li style=\"font-weight: 400;\" aria-level=\"1\">Endere\u00e7o: Rua do Arroz, n 90 4\u00b0 grupo 443 \u00e0 448 e 466 \u00e0 471.Mercado S\u00e3o Sebasti\u00e3o Penha Circular &#8211; \u00a0 RJ. Cep: 21.011-900<br \/><br \/><\/li><\/ul><p><span style=\"font-weight: 400;\">Para qualquer solicita\u00e7\u00e3o referente ao exerc\u00edcio de direitos previstos na LGPD, disponibilizamos o canal de contato atrav\u00e9s deste e-mail \u2013 aderj@aderj.com.br<\/span><\/p>\t\t\t\t\t\t\t\t<\/div>\n\t\t\t\t<\/div>\n\t\t\t\t\t<\/div>\n\t\t<\/div>\n\t\t\t\t\t<\/div>\n\t\t<\/section>\n\t\t\t\t<\/div>\n\t\t","protected":false},"excerpt":{"rendered":"<p>A Associa\u00e7\u00e3o de Atacadistas e Distribuidores do Estado do Rio de Janeiro &#8211; ADERJ est\u00e1 comprometida com a privacidade e a prote\u00e7\u00e3o dos dados pessoais de seus associados, colaboradores e demais usu\u00e1rios que acessam nosso site. Este Aviso de Privacidade tem como objetivo esclarecer como coletamos, utilizamos, armazenamos e protegemos suas informa\u00e7\u00f5es, com o intuito de garantir a transpar\u00eancia e conformidade com a legisla\u00e7\u00e3o vigente. 1. COLETA DE DADOS PESSOAIS Ao acessar nosso site, podemos coletar informa\u00e7\u00f5es pessoais de usu\u00e1rios que forne\u00e7am seus dados para fins de cadastro, inscri\u00e7\u00e3o em eventos, consultas ou outras intera\u00e7\u00f5es com a ADERJ. Os dados coletados podem incluir cargo e informa\u00e7\u00f5es relacionadas \u00e0 sua empresa, mas n\u00e3o se limitam a:\u00a0 Nome completo Endere\u00e7o de e-mail Telefone Endere\u00e7o comercial Dados financeiros (quando aplic\u00e1vel) Informa\u00e7\u00f5es sobre atividades e intera\u00e7\u00f5es com os servi\u00e7os da ADERJ 2. FINALIDADE DO USO DOS DADOS Os dados pessoais coletados s\u00e3o utilizados exclusivamente para a execu\u00e7\u00e3o das atividades da ADERJ,&nbsp; Processamento de inscri\u00e7\u00f5es e ades\u00f5es \u00e0 ADERJ Envio de comunica\u00e7\u00f5es institucionais, newsletters, e outras atualiza\u00e7\u00f5es relacionadas \u00e0 ADERJ Melhoria de nossos servi\u00e7os e desenvolvimento de novos produtos Cumprimento de obriga\u00e7\u00f5es legais e regulat\u00f3rias Realiza\u00e7\u00e3o de eventos, semin\u00e1rios, treinamentos e outras atividades promovidas pela ADERJ 3. ARMAZENAMENTO E SEGURAN\u00c7A DOS DADOS A ADERJ adota medidas t\u00e9cnicas e administrativas adequadas para proteger os dados pessoais contra acessos n\u00e3o autorizados, vazamentos, altera\u00e7\u00f5es ou destrui\u00e7\u00e3o. Os dados s\u00e3o armazenados de forma segura e somente acessados por colaboradores autorizados, de acordo com as necessidades da organiza\u00e7\u00e3o. 4. COMPARTILHAMENTO DOS DADOS A ADERJ n\u00e3o compartilha dados pessoais com terceiros, exceto quando necess\u00e1rio para\u00a0 Processamento de inscri\u00e7\u00f5es e ades\u00f5es \u00e0 ADERJ Envio de comunica\u00e7\u00f5es institucionais, newsletters, e outras atualiza\u00e7\u00f5es relacionadas \u00e0 ADERJ Melhoria de nossos servi\u00e7os e desenvolvimento de novos produtos Cumprimento de obriga\u00e7\u00f5es legais e regulat\u00f3rias Realiza\u00e7\u00e3o de eventos, semin\u00e1rios, treinamentos e outras atividades promovidas pela ADERJ os quais t\u00eam a obriga\u00e7\u00e3o de garantir a prote\u00e7\u00e3o dos dados pessoais conforme este Aviso de Privacidade. 5. DIREITO DOS TITULARES De acordo com a Lei Geral de Prote\u00e7\u00e3o de Dados (LGPD), voc\u00ea tem os seguintes direitos em rela\u00e7\u00e3o aos seus dados pessoais: Confirmar a exist\u00eancia de tratamento de dados Acessar seus dados pessoais Corrigir dados incompletos, inexatos ou desatualizados Solicitar a anonimiza\u00e7\u00e3o, bloqueio ou elimina\u00e7\u00e3o de dados desnecess\u00e1rios ou excessivos Solicitar a portabilidade dos dados a outro fornecedor de servi\u00e7o ou produto Revogar o consentimento, quando aplic\u00e1vel Para exercer seus direitos, entre em contato conosco por meio dos canais informados no final deste aviso. 6. ALTERA\u00c7\u00d5ES NO AVISO DE PRIVACIDADE 7. CONTATO Caso tenha d\u00favidas ou preocupa\u00e7\u00f5es sobre este Aviso de Privacidade ou sobre o tratamento dos seus dados pessoais, entre em contato conosco: E-mail: aderj@aderj.com.br Telefone: (21) 2584-3590 \/ (21) 2584-2446 Endere\u00e7o: Rua do Arroz, n 90 4\u00b0 grupo 443 \u00e0 448 e 466 \u00e0 471.Mercado S\u00e3o Sebasti\u00e3o Penha Circular &#8211; \u00a0 RJ. Cep: 21.011-900 Para qualquer solicita\u00e7\u00e3o referente ao exerc\u00edcio de direitos previstos na LGPD, disponibilizamos o canal de contato atrav\u00e9s deste e-mail \u2013 aderj@aderj.com.br<\/p>\n","protected":false},"author":1,"featured_media":0,"parent":0,"menu_order":0,"comment_status":"closed","ping_status":"closed","template":"","meta":{"footnotes":""},"class_list":["post-14246","page","type-page","status-publish","hentry"],"rttpg_featured_image_url":null,"rttpg_author":{"display_name":"ADMIN","author_link":"https:\/\/aderj.com.br\/index.php\/author\/angrarj-com\/"},"rttpg_comment":0,"rttpg_category":null,"rttpg_excerpt":"A Associa\u00e7\u00e3o de Atacadistas e Distribuidores do Estado do Rio de Janeiro &#8211; ADERJ est\u00e1 comprometida com a privacidade e a prote\u00e7\u00e3o dos dados pessoais de seus associados, colaboradores e demais usu\u00e1rios que acessam nosso site. Este Aviso de Privacidade tem como objetivo esclarecer como coletamos, utilizamos, armazenamos e protegemos suas informa\u00e7\u00f5es, com o intuito&hellip;","_links":{"self":[{"href":"https:\/\/aderj.com.br\/index.php\/wp-json\/wp\/v2\/pages\/14246","targetHints":{"allow":["GET"]}}],"collection":[{"href":"https:\/\/aderj.com.br\/index.php\/wp-json\/wp\/v2\/pages"}],"about":[{"href":"https:\/\/aderj.com.br\/index.php\/wp-json\/wp\/v2\/types\/page"}],"author":[{"embeddable":true,"href":"https:\/\/aderj.com.br\/index.php\/wp-json\/wp\/v2\/users\/1"}],"replies":[{"embeddable":true,"href":"https:\/\/aderj.com.br\/index.php\/wp-json\/wp\/v2\/comments?post=14246"}],"version-history":[{"count":10,"href":"https:\/\/aderj.com.br\/index.php\/wp-json\/wp\/v2\/pages\/14246\/revisions"}],"predecessor-version":[{"id":14256,"href":"https:\/\/aderj.com.br\/index.php\/wp-json\/wp\/v2\/pages\/14246\/revisions\/14256"}],"wp:attachment":[{"href":"https:\/\/aderj.com.br\/index.php\/wp-json\/wp\/v2\/media?parent=14246"}],"curies":[{"name":"wp","href":"https:\/\/api.w.org\/{rel}","templated":true}]}}