{"id":1407,"date":"2024-02-28T17:38:36","date_gmt":"2024-02-28T20:38:36","guid":{"rendered":"https:\/\/unioncityrp.com\/aderj\/\/?page_id=1407"},"modified":"2024-05-22T20:17:48","modified_gmt":"2024-05-22T23:17:48","slug":"informativos-aderj","status":"publish","type":"page","link":"https:\/\/aderj.com.br\/index.php\/informativos-aderj\/","title":{"rendered":"Informativos ADERJ"},"content":{"rendered":"\t\t<div data-elementor-type=\"wp-page\" data-elementor-id=\"1407\" class=\"elementor elementor-1407\" data-elementor-post-type=\"page\">\n\t\t\t\t\t\t<section class=\"elementor-section elementor-top-section elementor-element elementor-element-36efc12 elementor-section-boxed elementor-section-height-default elementor-section-height-default wpr-particle-no wpr-jarallax-no wpr-parallax-no wpr-sticky-section-no\" data-id=\"36efc12\" data-element_type=\"section\">\n\t\t\t\t\t\t<div class=\"elementor-container elementor-column-gap-default\">\n\t\t\t\t\t<div class=\"elementor-column elementor-col-50 elementor-top-column elementor-element elementor-element-76ff753\" data-id=\"76ff753\" data-element_type=\"column\">\n\t\t\t<div class=\"elementor-widget-wrap elementor-element-populated\">\n\t\t\t\t\t\t<div class=\"elementor-element elementor-element-d1963b2 elementor-widget__width-initial elementor-absolute elementor-widget elementor-widget-image\" data-id=\"d1963b2\" data-element_type=\"widget\" data-settings=\"{&quot;_position&quot;:&quot;absolute&quot;}\" data-widget_type=\"image.default\">\n\t\t\t\t<div class=\"elementor-widget-container\">\n\t\t\t\t\t\t\t\t\t\t\t\t\t\t\t<img fetchpriority=\"high\" decoding=\"async\" width=\"400\" height=\"274\" src=\"https:\/\/aderj.com.br\/wp-content\/uploads\/2024\/05\/stock-vector-rio-de-janeiro-landmarks-and-top-places-to-visit-line-icons-vector-set-of-most-popular-city-454749025-Convertido-2-e1714760174291.png\" class=\"attachment-full size-full wp-image-2809\" alt=\"\" \/>\t\t\t\t\t\t\t\t\t\t\t\t\t\t\t<\/div>\n\t\t\t\t<\/div>\n\t\t\t\t\t<\/div>\n\t\t<\/div>\n\t\t\t\t<div class=\"elementor-column elementor-col-50 elementor-top-column elementor-element elementor-element-c10ddcc\" data-id=\"c10ddcc\" data-element_type=\"column\">\n\t\t\t<div class=\"elementor-widget-wrap elementor-element-populated\">\n\t\t\t\t\t\t<div class=\"elementor-element elementor-element-64031ee elementor-widget elementor-widget-spacer\" data-id=\"64031ee\" data-element_type=\"widget\" data-widget_type=\"spacer.default\">\n\t\t\t\t<div class=\"elementor-widget-container\">\n\t\t\t\t\t\t\t<div class=\"elementor-spacer\">\n\t\t\t<div class=\"elementor-spacer-inner\"><\/div>\n\t\t<\/div>\n\t\t\t\t\t\t<\/div>\n\t\t\t\t<\/div>\n\t\t\t\t\t<\/div>\n\t\t<\/div>\n\t\t\t\t\t<\/div>\n\t\t<\/section>\n\t\t\t\t<section class=\"elementor-section elementor-top-section elementor-element elementor-element-f2778ae elementor-section-boxed elementor-section-height-default elementor-section-height-default wpr-particle-no wpr-jarallax-no wpr-parallax-no wpr-sticky-section-no\" data-id=\"f2778ae\" data-element_type=\"section\" data-settings=\"{&quot;background_background&quot;:&quot;classic&quot;}\">\n\t\t\t\t\t\t\t<div class=\"elementor-background-overlay\"><\/div>\n\t\t\t\t\t\t\t<div class=\"elementor-container elementor-column-gap-default\">\n\t\t\t\t\t<div class=\"elementor-column elementor-col-50 elementor-top-column elementor-element elementor-element-fc183bb\" data-id=\"fc183bb\" data-element_type=\"column\">\n\t\t\t<div class=\"elementor-widget-wrap elementor-element-populated\">\n\t\t\t\t\t\t<div class=\"elementor-element elementor-element-ddff81a elementor-widget__width-initial elementor-widget elementor-widget-spacer\" data-id=\"ddff81a\" data-element_type=\"widget\" data-widget_type=\"spacer.default\">\n\t\t\t\t<div class=\"elementor-widget-container\">\n\t\t\t\t\t\t\t<div class=\"elementor-spacer\">\n\t\t\t<div class=\"elementor-spacer-inner\"><\/div>\n\t\t<\/div>\n\t\t\t\t\t\t<\/div>\n\t\t\t\t<\/div>\n\t\t\t\t\t<\/div>\n\t\t<\/div>\n\t\t\t\t<div class=\"elementor-column elementor-col-50 elementor-top-column elementor-element elementor-element-702eb2a\" data-id=\"702eb2a\" data-element_type=\"column\">\n\t\t\t<div class=\"elementor-widget-wrap elementor-element-populated\">\n\t\t\t\t\t\t<div class=\"elementor-element elementor-element-bac9602 elementor-widget__width-initial elementor-absolute elementor-widget elementor-widget-image\" data-id=\"bac9602\" data-element_type=\"widget\" data-settings=\"{&quot;_position&quot;:&quot;absolute&quot;}\" data-widget_type=\"image.default\">\n\t\t\t\t<div class=\"elementor-widget-container\">\n\t\t\t\t\t\t\t\t\t\t\t\t\t\t\t<img decoding=\"async\" width=\"644\" height=\"662\" src=\"https:\/\/aderj.com.br\/wp-content\/uploads\/2024\/05\/Mascara2-COMUNICACAO.png\" class=\"attachment-full size-full wp-image-3485\" alt=\"\" \/>\t\t\t\t\t\t\t\t\t\t\t\t\t\t\t<\/div>\n\t\t\t\t<\/div>\n\t\t\t\t<div class=\"elementor-element elementor-element-eb5fb24 elementor-widget elementor-widget-heading\" data-id=\"eb5fb24\" data-element_type=\"widget\" data-widget_type=\"heading.default\">\n\t\t\t\t<div class=\"elementor-widget-container\">\n\t\t\t\t\t<h2 class=\"elementor-heading-title elementor-size-default\">COMUNICA\u00c7\u00c3O ADERJ<\/h2>\t\t\t\t<\/div>\n\t\t\t\t<\/div>\n\t\t\t\t<div class=\"elementor-element elementor-element-8040aba elementor-widget__width-initial elementor-widget elementor-widget-text-editor\" data-id=\"8040aba\" data-element_type=\"widget\" data-widget_type=\"text-editor.default\">\n\t\t\t\t<div class=\"elementor-widget-container\">\n\t\t\t\t\t\t\t\t\t<p>Criado em 2016, o N\u00facleo de Comunica\u00e7\u00e3o ADERJ cuida do relacionamento com os ve\u00edculos de comunica\u00e7\u00e3o e a imprensa e da comunica\u00e7\u00e3o interna e com as associadas. Neste momento, estamos iniciando um modelo diferenciado de comunica\u00e7\u00e3o, com um novo site, confeccionado com ferramentas de \u00faltima gera\u00e7\u00e3o para um relacionamento claro e objetivo, primando principalmente pela transpar\u00eancia da informa\u00e7\u00e3o. Refor\u00e7a nosso time, do N\u00facleo de Comunica\u00e7\u00e3o, a empresa paulista, Q\u0112P Creative, tendo \u00e0 frente Leandra Maia, que \u00e9 respons\u00e1vel pelo novo estilo de comunica\u00e7\u00e3o visual, quer no site, nas redes sociais e em material impresso. O n\u00facleo de comunica\u00e7\u00e3o tamb\u00e9m conta com canal oficial no YouTube, estando presente em outras as m\u00eddias sociais, como: Facebook, Instagram e LinkedIn.<\/p>\n<p>O novo site agora no ar, ser\u00e1 alimentado diariamente, com informa\u00e7\u00f5es relevantes sobre dados da economia, quest\u00f5es jur\u00eddico\/tribut\u00e1ria e principalmente no que se refere a gest\u00e3o da ADERJ, em suas diversas frentes de atua\u00e7\u00e3o. O objetivo \u00e9 estabelecer uma interface eficiente entre a entidade, suas associadas e seus parceiros.<br><\/p>\n<p>Esse ambiente de Comunica\u00e7\u00e3o, possibilita a ADERJ a estreitar saud\u00e1veis relacionamentos com setores p\u00fablicos, associa\u00e7\u00f5es representativas de classe, estabelecendo novos parceiros.<\/p>\t\t\t\t\t\t\t\t<\/div>\n\t\t\t\t<\/div>\n\t\t\t\t\t<\/div>\n\t\t<\/div>\n\t\t\t\t\t<\/div>\n\t\t<\/section>\n\t\t\t\t<\/div>\n\t\t","protected":false},"excerpt":{"rendered":"<p>COMUNICA\u00c7\u00c3O ADERJ Criado em 2016, o N\u00facleo de Comunica\u00e7\u00e3o ADERJ cuida do relacionamento com os ve\u00edculos de comunica\u00e7\u00e3o e a imprensa e da comunica\u00e7\u00e3o interna e com as associadas. Neste momento, estamos iniciando um modelo diferenciado de comunica\u00e7\u00e3o, com um novo site, confeccionado com ferramentas de \u00faltima gera\u00e7\u00e3o para um relacionamento claro e objetivo, primando principalmente pela transpar\u00eancia da informa\u00e7\u00e3o. Refor\u00e7a nosso time, do N\u00facleo de Comunica\u00e7\u00e3o, a empresa paulista, Q\u0112P Creative, tendo \u00e0 frente Leandra Maia, que \u00e9 respons\u00e1vel pelo novo estilo de comunica\u00e7\u00e3o visual, quer no site, nas redes sociais e em material impresso. O n\u00facleo de comunica\u00e7\u00e3o tamb\u00e9m conta com canal oficial no YouTube, estando presente em outras as m\u00eddias sociais, como: Facebook, Instagram e LinkedIn. O novo site agora no ar, ser\u00e1 alimentado diariamente, com informa\u00e7\u00f5es relevantes sobre dados da economia, quest\u00f5es jur\u00eddico\/tribut\u00e1ria e principalmente no que se refere a gest\u00e3o da ADERJ, em suas diversas frentes de atua\u00e7\u00e3o. O objetivo \u00e9 estabelecer uma interface eficiente entre a entidade, suas associadas e seus parceiros. Esse ambiente de Comunica\u00e7\u00e3o, possibilita a ADERJ a estreitar saud\u00e1veis relacionamentos com setores p\u00fablicos, associa\u00e7\u00f5es representativas de classe, estabelecendo novos parceiros.<\/p>\n","protected":false},"author":1,"featured_media":0,"parent":0,"menu_order":0,"comment_status":"closed","ping_status":"closed","template":"","meta":{"footnotes":""},"class_list":["post-1407","page","type-page","status-publish","hentry"],"rttpg_featured_image_url":null,"rttpg_author":{"display_name":"ADMIN","author_link":"https:\/\/aderj.com.br\/index.php\/author\/angrarj-com\/"},"rttpg_comment":0,"rttpg_category":null,"rttpg_excerpt":"COMUNICA\u00c7\u00c3O ADERJ Criado em 2016, o N\u00facleo de Comunica\u00e7\u00e3o ADERJ cuida do relacionamento com os ve\u00edculos de comunica\u00e7\u00e3o e a imprensa e da comunica\u00e7\u00e3o interna e com as associadas. Neste momento, estamos iniciando um modelo diferenciado de comunica\u00e7\u00e3o, com um novo site, confeccionado com ferramentas de \u00faltima gera\u00e7\u00e3o para um relacionamento claro e objetivo, primando&hellip;","_links":{"self":[{"href":"https:\/\/aderj.com.br\/index.php\/wp-json\/wp\/v2\/pages\/1407","targetHints":{"allow":["GET"]}}],"collection":[{"href":"https:\/\/aderj.com.br\/index.php\/wp-json\/wp\/v2\/pages"}],"about":[{"href":"https:\/\/aderj.com.br\/index.php\/wp-json\/wp\/v2\/types\/page"}],"author":[{"embeddable":true,"href":"https:\/\/aderj.com.br\/index.php\/wp-json\/wp\/v2\/users\/1"}],"replies":[{"embeddable":true,"href":"https:\/\/aderj.com.br\/index.php\/wp-json\/wp\/v2\/comments?post=1407"}],"version-history":[{"count":13,"href":"https:\/\/aderj.com.br\/index.php\/wp-json\/wp\/v2\/pages\/1407\/revisions"}],"predecessor-version":[{"id":4239,"href":"https:\/\/aderj.com.br\/index.php\/wp-json\/wp\/v2\/pages\/1407\/revisions\/4239"}],"wp:attachment":[{"href":"https:\/\/aderj.com.br\/index.php\/wp-json\/wp\/v2\/media?parent=1407"}],"curies":[{"name":"wp","href":"https:\/\/api.w.org\/{rel}","templated":true}]}}