{"id":1405,"date":"2024-02-28T17:38:29","date_gmt":"2024-02-28T20:38:29","guid":{"rendered":"https:\/\/unioncityrp.com\/aderj\/\/?page_id=1405"},"modified":"2024-07-21T16:08:50","modified_gmt":"2024-07-21T19:08:50","slug":"o-que-e-a-cna","status":"publish","type":"page","link":"https:\/\/aderj.com.br\/index.php\/o-que-e-a-cna\/","title":{"rendered":"O que \u00e9 a CNA?"},"content":{"rendered":"\t\t<div data-elementor-type=\"wp-page\" data-elementor-id=\"1405\" class=\"elementor elementor-1405\" data-elementor-post-type=\"page\">\n\t\t\t\t\t\t<section class=\"elementor-section elementor-top-section elementor-element elementor-element-355eb7f elementor-section-boxed elementor-section-height-default elementor-section-height-default wpr-particle-no wpr-jarallax-no wpr-parallax-no wpr-sticky-section-no\" data-id=\"355eb7f\" data-element_type=\"section\">\n\t\t\t\t\t\t<div class=\"elementor-container elementor-column-gap-default\">\n\t\t\t\t\t<div class=\"elementor-column elementor-col-50 elementor-top-column elementor-element elementor-element-8176ce8\" data-id=\"8176ce8\" data-element_type=\"column\">\n\t\t\t<div class=\"elementor-widget-wrap elementor-element-populated\">\n\t\t\t\t\t\t<div class=\"elementor-element elementor-element-5f1afbd elementor-widget__width-initial elementor-absolute elementor-widget elementor-widget-image\" data-id=\"5f1afbd\" data-element_type=\"widget\" data-settings=\"{&quot;_position&quot;:&quot;absolute&quot;}\" data-widget_type=\"image.default\">\n\t\t\t\t<div class=\"elementor-widget-container\">\n\t\t\t\t\t\t\t\t\t\t\t\t\t\t\t<img fetchpriority=\"high\" decoding=\"async\" width=\"400\" height=\"274\" src=\"https:\/\/aderj.com.br\/wp-content\/uploads\/2024\/05\/stock-vector-rio-de-janeiro-landmarks-and-top-places-to-visit-line-icons-vector-set-of-most-popular-city-454749025-Convertido-2-e1714760174291.png\" class=\"attachment-full size-full wp-image-2809\" alt=\"\" \/>\t\t\t\t\t\t\t\t\t\t\t\t\t\t\t<\/div>\n\t\t\t\t<\/div>\n\t\t\t\t\t<\/div>\n\t\t<\/div>\n\t\t\t\t<div class=\"elementor-column elementor-col-50 elementor-top-column elementor-element elementor-element-208d0bf\" data-id=\"208d0bf\" data-element_type=\"column\">\n\t\t\t<div class=\"elementor-widget-wrap elementor-element-populated\">\n\t\t\t\t\t\t<div class=\"elementor-element elementor-element-b297dd9 elementor-widget elementor-widget-spacer\" data-id=\"b297dd9\" data-element_type=\"widget\" data-widget_type=\"spacer.default\">\n\t\t\t\t<div class=\"elementor-widget-container\">\n\t\t\t\t\t\t\t<div class=\"elementor-spacer\">\n\t\t\t<div class=\"elementor-spacer-inner\"><\/div>\n\t\t<\/div>\n\t\t\t\t\t\t<\/div>\n\t\t\t\t<\/div>\n\t\t\t\t\t<\/div>\n\t\t<\/div>\n\t\t\t\t\t<\/div>\n\t\t<\/section>\n\t\t\t\t<section class=\"elementor-section elementor-top-section elementor-element elementor-element-42c1d3a elementor-section-boxed elementor-section-height-default elementor-section-height-default wpr-particle-no wpr-jarallax-no wpr-parallax-no wpr-sticky-section-no\" data-id=\"42c1d3a\" data-element_type=\"section\">\n\t\t\t\t\t\t<div class=\"elementor-container elementor-column-gap-default\">\n\t\t\t\t\t<div class=\"elementor-column elementor-col-100 elementor-top-column elementor-element elementor-element-d888844\" data-id=\"d888844\" data-element_type=\"column\">\n\t\t\t<div class=\"elementor-widget-wrap elementor-element-populated\">\n\t\t\t\t\t\t<div class=\"elementor-element elementor-element-82744a3 elementor-widget__width-initial elementor-absolute elementor-widget elementor-widget-image\" data-id=\"82744a3\" data-element_type=\"widget\" data-settings=\"{&quot;_position&quot;:&quot;absolute&quot;}\" data-widget_type=\"image.default\">\n\t\t\t\t<div class=\"elementor-widget-container\">\n\t\t\t\t\t\t\t\t\t\t\t\t\t\t\t<img decoding=\"async\" width=\"2194\" height=\"738\" src=\"https:\/\/aderj.com.br\/wp-content\/uploads\/2024\/05\/CENTRAL-DE-NEGOCIOS-1.png\" class=\"attachment-full size-full wp-image-3466\" alt=\"\" srcset=\"https:\/\/aderj.com.br\/wp-content\/uploads\/2024\/05\/CENTRAL-DE-NEGOCIOS-1.png 2194w, https:\/\/aderj.com.br\/wp-content\/uploads\/2024\/05\/CENTRAL-DE-NEGOCIOS-1-1536x517.png 1536w, https:\/\/aderj.com.br\/wp-content\/uploads\/2024\/05\/CENTRAL-DE-NEGOCIOS-1-2048x689.png 2048w\" sizes=\"(max-width: 2194px) 100vw, 2194px\" \/>\t\t\t\t\t\t\t\t\t\t\t\t\t\t\t<\/div>\n\t\t\t\t<\/div>\n\t\t\t\t\t<\/div>\n\t\t<\/div>\n\t\t\t\t\t<\/div>\n\t\t<\/section>\n\t\t\t\t<section class=\"elementor-section elementor-top-section elementor-element elementor-element-a7f8718 elementor-section-boxed elementor-section-height-default elementor-section-height-default wpr-particle-no wpr-jarallax-no wpr-parallax-no wpr-sticky-section-no\" data-id=\"a7f8718\" data-element_type=\"section\" data-settings=\"{&quot;background_background&quot;:&quot;classic&quot;}\">\n\t\t\t\t\t\t\t<div class=\"elementor-background-overlay\"><\/div>\n\t\t\t\t\t\t\t<div class=\"elementor-container elementor-column-gap-default\">\n\t\t\t\t\t<div class=\"elementor-column elementor-col-50 elementor-top-column elementor-element elementor-element-232868a\" data-id=\"232868a\" data-element_type=\"column\">\n\t\t\t<div class=\"elementor-widget-wrap elementor-element-populated\">\n\t\t\t\t\t\t<div class=\"elementor-element elementor-element-152d392 elementor-widget__width-initial elementor-widget elementor-widget-spacer\" data-id=\"152d392\" data-element_type=\"widget\" data-widget_type=\"spacer.default\">\n\t\t\t\t<div class=\"elementor-widget-container\">\n\t\t\t\t\t\t\t<div class=\"elementor-spacer\">\n\t\t\t<div class=\"elementor-spacer-inner\"><\/div>\n\t\t<\/div>\n\t\t\t\t\t\t<\/div>\n\t\t\t\t<\/div>\n\t\t\t\t\t<\/div>\n\t\t<\/div>\n\t\t\t\t<div class=\"elementor-column elementor-col-50 elementor-top-column elementor-element elementor-element-5d08b8d\" data-id=\"5d08b8d\" data-element_type=\"column\">\n\t\t\t<div class=\"elementor-widget-wrap elementor-element-populated\">\n\t\t\t\t\t\t<div class=\"elementor-element elementor-element-2bd19ec elementor-widget__width-initial elementor-absolute elementor-widget elementor-widget-image\" data-id=\"2bd19ec\" data-element_type=\"widget\" data-settings=\"{&quot;_position&quot;:&quot;absolute&quot;}\" data-widget_type=\"image.default\">\n\t\t\t\t<div class=\"elementor-widget-container\">\n\t\t\t\t\t\t\t\t\t\t\t\t\t\t\t<img decoding=\"async\" width=\"644\" height=\"662\" src=\"https:\/\/aderj.com.br\/wp-content\/uploads\/2024\/05\/Mascara2-CNA.png\" class=\"attachment-full size-full wp-image-3432\" alt=\"\" \/>\t\t\t\t\t\t\t\t\t\t\t\t\t\t\t<\/div>\n\t\t\t\t<\/div>\n\t\t\t\t<div class=\"elementor-element elementor-element-9917f01 elementor-widget__width-initial elementor-absolute elementor-widget elementor-widget-image\" data-id=\"9917f01\" data-element_type=\"widget\" data-settings=\"{&quot;_position&quot;:&quot;absolute&quot;}\" data-widget_type=\"image.default\">\n\t\t\t\t<div class=\"elementor-widget-container\">\n\t\t\t\t\t\t\t\t\t\t\t\t\t\t\t<img loading=\"lazy\" decoding=\"async\" width=\"704\" height=\"944\" src=\"https:\/\/aderj.com.br\/wp-content\/uploads\/2024\/05\/Capa-Guia-1.jpg\" class=\"attachment-full size-full wp-image-3475\" alt=\"\" \/>\t\t\t\t\t\t\t\t\t\t\t\t\t\t\t<\/div>\n\t\t\t\t<\/div>\n\t\t\t\t<div class=\"elementor-element elementor-element-6324ba2 elementor-widget elementor-widget-heading\" data-id=\"6324ba2\" data-element_type=\"widget\" data-widget_type=\"heading.default\">\n\t\t\t\t<div class=\"elementor-widget-container\">\n\t\t\t\t\t<h2 class=\"elementor-heading-title elementor-size-default\">CENTRAL DE NEG\u00d3CIOS ABAD<\/h2>\t\t\t\t<\/div>\n\t\t\t\t<\/div>\n\t\t\t\t<div class=\"elementor-element elementor-element-53d8683 elementor-widget elementor-widget-text-editor\" data-id=\"53d8683\" data-element_type=\"widget\" data-widget_type=\"text-editor.default\">\n\t\t\t\t<div class=\"elementor-widget-container\">\n\t\t\t\t\t\t\t\t\t<p>As associadas da ADERJ podem participar da Central de Neg\u00f3cios, um dos mais importantes servi\u00e7os prestados pela ABAD aos agentes de distribui\u00e7\u00e3o de todo o pa\u00eds, principalmente por interm\u00e9dio de suas 27 Filiadas Estaduais. Ao oferecer produtos e servi\u00e7os com descontos e condi\u00e7\u00f5es especiais de pagamento, a Central contribui para aumentar a competitividade das empresas e fortalecer a atividade atacadista distribuidora em todo Brasil.<\/p><p>Com a Central de Neg\u00f3cios ABAD (CNA), as associadas ABAD\/ADERJ, contam com um canal exclusivo que oferece a oportunidade de adquirir bens e servi\u00e7os dos melhores fornecedores, a pre\u00e7os ou condi\u00e7\u00f5es especiais. O objetivo \u00e9 facilitar o relacionamento dos Agentes de Distribui\u00e7\u00e3o com fornecedores de diversas \u00e1reas que comercializam produtos e servi\u00e7os de uso comum do setor, para consumo pr\u00f3prio das empresas, isto \u00e9, n\u00e3o para revenda.<\/p><p>A negocia\u00e7\u00e3o realizada pela CNA garante, al\u00e9m do pre\u00e7o competitivo e de condi\u00e7\u00f5es especiais, um atendimento diferenciado, especialmente no p\u00f3s-venda. Por interm\u00e9dio dos acordos firmados com os fornecedores parceiros da ABAD\/ADERJ, a Central de Neg\u00f3cios garante as associadas idoneidade e qualidade nos produtos e servi\u00e7os ofertados, al\u00e9m de pre\u00e7o justo e competitivo.<\/p><p>Al\u00e9m disso, todo parceiro credenciado na CNA garante um atendimento diferenciado e ampla assist\u00eancia, especialmente no p\u00f3s-venda. Ao fazer neg\u00f3cios por interm\u00e9dio da CNA, o associado tamb\u00e9m contribui para dinamizar esse importante servi\u00e7o prestado pela entidade e suas 27 filiadas, que tem como objetivo aumentar a competitividade das empresas e fortalecer a atividade atacadista e distribuidora.<\/p><p>A Central de Neg\u00f3cios ABAD (CNA) \u00e9 o canal que aumenta a visibilidade e a efici\u00eancia da divulga\u00e7\u00e3o de produtos e servi\u00e7os de seus parceiros junto aos Agentes de Distribui\u00e7\u00e3o que s\u00e3o empresas associadas a n\u00edvel nacional. As empresas parceiras credenciadas na CNA t\u00eam a oportunidade de estar mais pr\u00f3ximas do setor, podem exibir seu portf\u00f3lio de produtos e servi\u00e7os e comunicar-se diretamente com as associadas atrav\u00e9s de suas filiadas, al\u00e9m de contar com divulga\u00e7\u00e3o por meio de outros canais de comunica\u00e7\u00e3o da ABAD.<\/p><p>\u00a0<\/p><p>Seja um parceiro nosso!<\/p>\t\t\t\t\t\t\t\t<\/div>\n\t\t\t\t<\/div>\n\t\t\t\t<div class=\"elementor-element elementor-element-2098678 elementor-arrows-position-inside elementor-pagination-position-outside elementor-widget elementor-widget-image-carousel\" data-id=\"2098678\" data-element_type=\"widget\" data-settings=\"{&quot;slides_to_show&quot;:&quot;1&quot;,&quot;navigation&quot;:&quot;both&quot;,&quot;autoplay&quot;:&quot;yes&quot;,&quot;pause_on_hover&quot;:&quot;yes&quot;,&quot;pause_on_interaction&quot;:&quot;yes&quot;,&quot;autoplay_speed&quot;:5000,&quot;infinite&quot;:&quot;yes&quot;,&quot;effect&quot;:&quot;slide&quot;,&quot;speed&quot;:500}\" data-widget_type=\"image-carousel.default\">\n\t\t\t\t<div class=\"elementor-widget-container\">\n\t\t\t\t\t\t\t<div class=\"elementor-image-carousel-wrapper swiper\" role=\"region\" aria-roledescription=\"carousel\" aria-label=\"Carrossel de imagens\" dir=\"ltr\">\n\t\t\t<div class=\"elementor-image-carousel swiper-wrapper\" aria-live=\"off\">\n\t\t\t\t\t\t\t\t<div class=\"swiper-slide\" role=\"group\" aria-roledescription=\"slide\" aria-label=\"1 de 2\"><figure class=\"swiper-slide-inner\"><img decoding=\"async\" class=\"swiper-slide-image\" src=\"https:\/\/aderj.com.br\/wp-content\/uploads\/2024\/05\/WhatsApp-Image-2023-03-30-at-09.01.44-1a-1.jpg\" alt=\"WhatsApp Image 2023-03-30 at 09.01.44 (1)a\" \/><\/figure><\/div><div class=\"swiper-slide\" role=\"group\" aria-roledescription=\"slide\" aria-label=\"2 de 2\"><figure class=\"swiper-slide-inner\"><img decoding=\"async\" class=\"swiper-slide-image\" src=\"https:\/\/aderj.com.br\/wp-content\/uploads\/2024\/05\/WhatsApp-Image-2019-03-28-at-07.29.10a.jpg\" alt=\"WhatsApp Image 2019-03-28 at 07.29.10a\" \/><\/figure><\/div>\t\t\t<\/div>\n\t\t\t\t\t\t\t\t\t\t\t\t<div class=\"elementor-swiper-button elementor-swiper-button-prev\" role=\"button\" tabindex=\"0\">\n\t\t\t\t\t\t<i aria-hidden=\"true\" class=\"eicon-chevron-left\"><\/i>\t\t\t\t\t<\/div>\n\t\t\t\t\t<div class=\"elementor-swiper-button elementor-swiper-button-next\" role=\"button\" tabindex=\"0\">\n\t\t\t\t\t\t<i aria-hidden=\"true\" class=\"eicon-chevron-right\"><\/i>\t\t\t\t\t<\/div>\n\t\t\t\t\n\t\t\t\t\t\t\t\t\t<div class=\"swiper-pagination\"><\/div>\n\t\t\t\t\t\t\t\t\t<\/div>\n\t\t\t\t\t\t<\/div>\n\t\t\t\t<\/div>\n\t\t\t\t\t<\/div>\n\t\t<\/div>\n\t\t\t\t\t<\/div>\n\t\t<\/section>\n\t\t\t\t<section class=\"elementor-section elementor-top-section elementor-element elementor-element-090420e elementor-section-boxed elementor-section-height-default elementor-section-height-default wpr-particle-no wpr-jarallax-no wpr-parallax-no wpr-sticky-section-no\" data-id=\"090420e\" data-element_type=\"section\">\n\t\t\t\t\t\t<div class=\"elementor-container elementor-column-gap-default\">\n\t\t\t\t\t<div class=\"elementor-column elementor-col-100 elementor-top-column elementor-element elementor-element-1a48f88\" data-id=\"1a48f88\" data-element_type=\"column\">\n\t\t\t<div class=\"elementor-widget-wrap elementor-element-populated\">\n\t\t\t\t\t\t<div class=\"elementor-element elementor-element-b28e93d elementor-widget elementor-widget-image\" data-id=\"b28e93d\" data-element_type=\"widget\" data-widget_type=\"image.default\">\n\t\t\t\t<div class=\"elementor-widget-container\">\n\t\t\t\t\t\t\t\t\t\t\t\t\t\t\t<img loading=\"lazy\" decoding=\"async\" width=\"847\" height=\"545\" src=\"https:\/\/aderj.com.br\/wp-content\/uploads\/2024\/07\/CNA1.png\" class=\"attachment-full size-full wp-image-4801\" alt=\"\" \/>\t\t\t\t\t\t\t\t\t\t\t\t\t\t\t<\/div>\n\t\t\t\t<\/div>\n\t\t\t\t<div class=\"elementor-element elementor-element-89c3a1c elementor-widget__width-initial elementor-align-right elementor-widget elementor-widget-button\" data-id=\"89c3a1c\" data-element_type=\"widget\" data-widget_type=\"button.default\">\n\t\t\t\t<div class=\"elementor-widget-container\">\n\t\t\t\t\t\t\t\t\t<div class=\"elementor-button-wrapper\">\n\t\t\t\t\t<a class=\"elementor-button elementor-button-link elementor-size-sm elementor-animation-float\" href=\"https:\/\/abad.com.br\/wp-content\/uploads\/2024\/03\/51-central-de-negocios-final-2.pdf\">\n\t\t\t\t\t\t<span class=\"elementor-button-content-wrapper\">\n\t\t\t\t\t\t<span class=\"elementor-button-icon\">\n\t\t\t\t<i aria-hidden=\"true\" class=\"far fa-file-pdf\"><\/i>\t\t\t<\/span>\n\t\t\t\t\t\t\t\t\t<span class=\"elementor-button-text\">Acesse o Guia da CNA<\/span>\n\t\t\t\t\t<\/span>\n\t\t\t\t\t<\/a>\n\t\t\t\t<\/div>\n\t\t\t\t\t\t\t\t<\/div>\n\t\t\t\t<\/div>\n\t\t\t\t<div class=\"elementor-element elementor-element-0c88ca7 elementor-widget__width-initial elementor-align-left elementor-widget elementor-widget-button\" data-id=\"0c88ca7\" data-element_type=\"widget\" data-widget_type=\"button.default\">\n\t\t\t\t<div class=\"elementor-widget-container\">\n\t\t\t\t\t\t\t\t\t<div class=\"elementor-button-wrapper\">\n\t\t\t\t\t<a class=\"elementor-button elementor-button-link elementor-size-sm elementor-animation-float\" href=\"https:\/\/abad.com.br\/central-de-negocios\/\">\n\t\t\t\t\t\t<span class=\"elementor-button-content-wrapper\">\n\t\t\t\t\t\t<span class=\"elementor-button-icon\">\n\t\t\t\t<i aria-hidden=\"true\" class=\"fas fa-external-link-alt\"><\/i>\t\t\t<\/span>\n\t\t\t\t\t\t\t\t\t<span class=\"elementor-button-text\">Acesse o site da ABAD - CNA<\/span>\n\t\t\t\t\t<\/span>\n\t\t\t\t\t<\/a>\n\t\t\t\t<\/div>\n\t\t\t\t\t\t\t\t<\/div>\n\t\t\t\t<\/div>\n\t\t\t\t\t<\/div>\n\t\t<\/div>\n\t\t\t\t\t<\/div>\n\t\t<\/section>\n\t\t\t\t<\/div>\n\t\t","protected":false},"excerpt":{"rendered":"<p>CENTRAL DE NEG\u00d3CIOS ABAD As associadas da ADERJ podem participar da Central de Neg\u00f3cios, um dos mais importantes servi\u00e7os prestados pela ABAD aos agentes de distribui\u00e7\u00e3o de todo o pa\u00eds, principalmente por interm\u00e9dio de suas 27 Filiadas Estaduais. Ao oferecer produtos e servi\u00e7os com descontos e condi\u00e7\u00f5es especiais de pagamento, a Central contribui para aumentar a competitividade das empresas e fortalecer a atividade atacadista distribuidora em todo Brasil. Com a Central de Neg\u00f3cios ABAD (CNA), as associadas ABAD\/ADERJ, contam com um canal exclusivo que oferece a oportunidade de adquirir bens e servi\u00e7os dos melhores fornecedores, a pre\u00e7os ou condi\u00e7\u00f5es especiais. O objetivo \u00e9 facilitar o relacionamento dos Agentes de Distribui\u00e7\u00e3o com fornecedores de diversas \u00e1reas que comercializam produtos e servi\u00e7os de uso comum do setor, para consumo pr\u00f3prio das empresas, isto \u00e9, n\u00e3o para revenda. A negocia\u00e7\u00e3o realizada pela CNA garante, al\u00e9m do pre\u00e7o competitivo e de condi\u00e7\u00f5es especiais, um atendimento diferenciado, especialmente no p\u00f3s-venda. Por interm\u00e9dio dos acordos firmados com os fornecedores parceiros da ABAD\/ADERJ, a Central de Neg\u00f3cios garante as associadas idoneidade e qualidade nos produtos e servi\u00e7os ofertados, al\u00e9m de pre\u00e7o justo e competitivo. Al\u00e9m disso, todo parceiro credenciado na CNA garante um atendimento diferenciado e ampla assist\u00eancia, especialmente no p\u00f3s-venda. Ao fazer neg\u00f3cios por interm\u00e9dio da CNA, o associado tamb\u00e9m contribui para dinamizar esse importante servi\u00e7o prestado pela entidade e suas 27 filiadas, que tem como objetivo aumentar a competitividade das empresas e fortalecer a atividade atacadista e distribuidora. A Central de Neg\u00f3cios ABAD (CNA) \u00e9 o canal que aumenta a visibilidade e a efici\u00eancia da divulga\u00e7\u00e3o de produtos e servi\u00e7os de seus parceiros junto aos Agentes de Distribui\u00e7\u00e3o que s\u00e3o empresas associadas a n\u00edvel nacional. As empresas parceiras credenciadas na CNA t\u00eam a oportunidade de estar mais pr\u00f3ximas do setor, podem exibir seu portf\u00f3lio de produtos e servi\u00e7os e comunicar-se diretamente com as associadas atrav\u00e9s de suas filiadas, al\u00e9m de contar com divulga\u00e7\u00e3o por meio de outros canais de comunica\u00e7\u00e3o da ABAD. \u00a0 Seja um parceiro nosso! Acesse o Guia da CNA Acesse o site da ABAD &#8211; CNA<\/p>\n","protected":false},"author":1,"featured_media":0,"parent":0,"menu_order":0,"comment_status":"closed","ping_status":"closed","template":"","meta":{"footnotes":""},"class_list":["post-1405","page","type-page","status-publish","hentry"],"rttpg_featured_image_url":null,"rttpg_author":{"display_name":"ADMIN","author_link":"https:\/\/aderj.com.br\/index.php\/author\/angrarj-com\/"},"rttpg_comment":0,"rttpg_category":null,"rttpg_excerpt":"CENTRAL DE NEG\u00d3CIOS ABAD As associadas da ADERJ podem participar da Central de Neg\u00f3cios, um dos mais importantes servi\u00e7os prestados pela ABAD aos agentes de distribui\u00e7\u00e3o de todo o pa\u00eds, principalmente por interm\u00e9dio de suas 27 Filiadas Estaduais. Ao oferecer produtos e servi\u00e7os com descontos e condi\u00e7\u00f5es especiais de pagamento, a Central contribui para aumentar&hellip;","_links":{"self":[{"href":"https:\/\/aderj.com.br\/index.php\/wp-json\/wp\/v2\/pages\/1405","targetHints":{"allow":["GET"]}}],"collection":[{"href":"https:\/\/aderj.com.br\/index.php\/wp-json\/wp\/v2\/pages"}],"about":[{"href":"https:\/\/aderj.com.br\/index.php\/wp-json\/wp\/v2\/types\/page"}],"author":[{"embeddable":true,"href":"https:\/\/aderj.com.br\/index.php\/wp-json\/wp\/v2\/users\/1"}],"replies":[{"embeddable":true,"href":"https:\/\/aderj.com.br\/index.php\/wp-json\/wp\/v2\/comments?post=1405"}],"version-history":[{"count":52,"href":"https:\/\/aderj.com.br\/index.php\/wp-json\/wp\/v2\/pages\/1405\/revisions"}],"predecessor-version":[{"id":4804,"href":"https:\/\/aderj.com.br\/index.php\/wp-json\/wp\/v2\/pages\/1405\/revisions\/4804"}],"wp:attachment":[{"href":"https:\/\/aderj.com.br\/index.php\/wp-json\/wp\/v2\/media?parent=1405"}],"curies":[{"name":"wp","href":"https:\/\/api.w.org\/{rel}","templated":true}]}}